{"id":246,"date":"2024-02-13T23:24:13","date_gmt":"2024-02-13T22:24:13","guid":{"rendered":"https:\/\/2024.flowerpad.de\/?post_type=product&#038;p=246"},"modified":"2025-03-27T09:06:13","modified_gmt":"2025-03-27T08:06:13","slug":"flowerpad-fuer-balkonkaesten","status":"publish","type":"product","link":"https:\/\/www.flowerpad.de\/en\/product\/flowerpad-fuer-balkonkaesten\/","title":{"rendered":"FLOWERPAD F\u00dcR BALKONK\u00c4STEN"},"content":{"rendered":"","protected":false},"excerpt":{"rendered":"<p>Blumenk\u00e4sten richtig bepflanzen!<br \/>\nDas FlowerPad f\u00fcr alle g\u00e4ngigen Blumenk\u00e4sten (12 cm Innenbreite).<br \/>\nW\u00e4hlen Sie das &#8220;easy handling&#8221; Drainagekissen f\u00fcr Ihre Blumenk\u00e4sten.<br \/>\n\u200bEinlegen, Erde drauf, einpflanzen, gie\u00dfen, fertig!<br \/>\nFlowerPad f\u00fcr 12 cm Blumenk\u00e4sten gibt es in den L\u00e4ngen ab 40 cm bis 100 cm je nach Auswahl.<\/p>","protected":false},"featured_media":247,"template":"","meta":[],"product_brand":[],"product_cat":[18],"product_tag":[],"class_list":{"0":"post-246","1":"product","2":"type-product","3":"status-publish","4":"has-post-thumbnail","6":"product_cat-flowerpad","8":"first","9":"instock","10":"taxable","11":"shipping-taxable","12":"purchasable","13":"product-type-variable"},"_links":{"self":[{"href":"https:\/\/www.flowerpad.de\/en\/wp-json\/wp\/v2\/product\/246","targetHints":{"allow":["GET"]}}],"collection":[{"href":"https:\/\/www.flowerpad.de\/en\/wp-json\/wp\/v2\/product"}],"about":[{"href":"https:\/\/www.flowerpad.de\/en\/wp-json\/wp\/v2\/types\/product"}],"version-history":[{"count":0,"href":"https:\/\/www.flowerpad.de\/en\/wp-json\/wp\/v2\/product\/246\/revisions"}],"wp:featuredmedia":[{"embeddable":true,"href":"https:\/\/www.flowerpad.de\/en\/wp-json\/wp\/v2\/media\/247"}],"wp:attachment":[{"href":"https:\/\/www.flowerpad.de\/en\/wp-json\/wp\/v2\/media?parent=246"}],"wp:term":[{"taxonomy":"product_brand","embeddable":true,"href":"https:\/\/www.flowerpad.de\/en\/wp-json\/wp\/v2\/product_brand?post=246"},{"taxonomy":"product_cat","embeddable":true,"href":"https:\/\/www.flowerpad.de\/en\/wp-json\/wp\/v2\/product_cat?post=246"},{"taxonomy":"product_tag","embeddable":true,"href":"https:\/\/www.flowerpad.de\/en\/wp-json\/wp\/v2\/product_tag?post=246"}],"curies":[{"name":"wp","href":"https:\/\/api.w.org\/{rel}","templated":true}]}}