{"id":220,"date":"2024-02-13T23:15:30","date_gmt":"2024-02-13T22:15:30","guid":{"rendered":"https:\/\/2024.flowerpad.de\/?post_type=product&#038;p=220"},"modified":"2025-03-27T09:02:08","modified_gmt":"2025-03-27T08:02:08","slug":"flowerpad-fuer-runde-blumentoepfe","status":"publish","type":"product","link":"https:\/\/www.flowerpad.de\/nl\/product\/flowerpad-fuer-runde-blumentoepfe\/","title":{"rendered":"FLOWERPAD VOOR RONDE BLOEMPOTTEN"},"content":{"rendered":"","protected":false},"excerpt":{"rendered":"<p>W\u00e4hlen Sie das &#8220;easy handling&#8221; Drainagekissen f\u00fcr Ihre Blument\u00f6pfe.<br \/>\n\u200bEinlegen, Erde drauf, einpflanzen, gie\u00dfen, fertig!<br \/>\nFlowerPad mit verschiedenen Durchmesser zur Auswahl.<\/p>","protected":false},"featured_media":227,"template":"","meta":[],"product_brand":[],"product_cat":[18],"product_tag":[],"class_list":{"0":"post-220","1":"product","2":"type-product","3":"status-publish","4":"has-post-thumbnail","6":"product_cat-flowerpad","8":"first","9":"instock","10":"taxable","11":"shipping-taxable","12":"purchasable","13":"product-type-variable"},"_links":{"self":[{"href":"https:\/\/www.flowerpad.de\/nl\/wp-json\/wp\/v2\/product\/220","targetHints":{"allow":["GET"]}}],"collection":[{"href":"https:\/\/www.flowerpad.de\/nl\/wp-json\/wp\/v2\/product"}],"about":[{"href":"https:\/\/www.flowerpad.de\/nl\/wp-json\/wp\/v2\/types\/product"}],"version-history":[{"count":0,"href":"https:\/\/www.flowerpad.de\/nl\/wp-json\/wp\/v2\/product\/220\/revisions"}],"wp:featuredmedia":[{"embeddable":true,"href":"https:\/\/www.flowerpad.de\/nl\/wp-json\/wp\/v2\/media\/227"}],"wp:attachment":[{"href":"https:\/\/www.flowerpad.de\/nl\/wp-json\/wp\/v2\/media?parent=220"}],"wp:term":[{"taxonomy":"product_brand","embeddable":true,"href":"https:\/\/www.flowerpad.de\/nl\/wp-json\/wp\/v2\/product_brand?post=220"},{"taxonomy":"product_cat","embeddable":true,"href":"https:\/\/www.flowerpad.de\/nl\/wp-json\/wp\/v2\/product_cat?post=220"},{"taxonomy":"product_tag","embeddable":true,"href":"https:\/\/www.flowerpad.de\/nl\/wp-json\/wp\/v2\/product_tag?post=220"}],"curies":[{"name":"wp","href":"https:\/\/api.w.org\/{rel}","templated":true}]}}