{"id":228,"date":"2024-02-13T23:21:32","date_gmt":"2024-02-13T22:21:32","guid":{"rendered":"https:\/\/2024.flowerpad.de\/?post_type=product&#038;p=228"},"modified":"2025-03-27T09:08:17","modified_gmt":"2025-03-27T08:08:17","slug":"flowerpad-fuer-rechteckige-blumenkuebel","status":"publish","type":"product","link":"https:\/\/www.flowerpad.de\/nl\/product\/flowerpad-fuer-rechteckige-blumenkuebel\/","title":{"rendered":"FLOWERPAD VOOR RECHTHOEKIGE BLOEMPOTTEN"},"content":{"rendered":"","protected":false},"excerpt":{"rendered":"<p>Blument\u00f6pfe richtig bepflanzen!<br \/>\nDas FlowerPad f\u00fcr alle g\u00e4ngigen T\u00f6pfe und K\u00fcbel.<br \/>\nEinlegen, Erde drauf, einpflanzen,\u00a0gie\u00dfen, fertig!<\/p>","protected":false},"featured_media":245,"template":"","meta":[],"product_brand":[],"product_cat":[18],"product_tag":[],"class_list":{"0":"post-228","1":"product","2":"type-product","3":"status-publish","4":"has-post-thumbnail","6":"product_cat-flowerpad","8":"first","9":"instock","10":"taxable","11":"shipping-taxable","12":"purchasable","13":"product-type-variable"},"_links":{"self":[{"href":"https:\/\/www.flowerpad.de\/nl\/wp-json\/wp\/v2\/product\/228","targetHints":{"allow":["GET"]}}],"collection":[{"href":"https:\/\/www.flowerpad.de\/nl\/wp-json\/wp\/v2\/product"}],"about":[{"href":"https:\/\/www.flowerpad.de\/nl\/wp-json\/wp\/v2\/types\/product"}],"version-history":[{"count":0,"href":"https:\/\/www.flowerpad.de\/nl\/wp-json\/wp\/v2\/product\/228\/revisions"}],"wp:featuredmedia":[{"embeddable":true,"href":"https:\/\/www.flowerpad.de\/nl\/wp-json\/wp\/v2\/media\/245"}],"wp:attachment":[{"href":"https:\/\/www.flowerpad.de\/nl\/wp-json\/wp\/v2\/media?parent=228"}],"wp:term":[{"taxonomy":"product_brand","embeddable":true,"href":"https:\/\/www.flowerpad.de\/nl\/wp-json\/wp\/v2\/product_brand?post=228"},{"taxonomy":"product_cat","embeddable":true,"href":"https:\/\/www.flowerpad.de\/nl\/wp-json\/wp\/v2\/product_cat?post=228"},{"taxonomy":"product_tag","embeddable":true,"href":"https:\/\/www.flowerpad.de\/nl\/wp-json\/wp\/v2\/product_tag?post=228"}],"curies":[{"name":"wp","href":"https:\/\/api.w.org\/{rel}","templated":true}]}}